{"id":396,"date":"2021-07-08T10:02:47","date_gmt":"2021-07-08T10:02:47","guid":{"rendered":"http:\/\/christ69.cyon.link\/mehr-ueber-dahab\/"},"modified":"2021-09-08T08:14:19","modified_gmt":"2021-09-08T08:14:19","slug":"mehr-ueber-dahab","status":"publish","type":"page","link":"https:\/\/christinahotels.com\/de\/mehr-ueber-dahab\/","title":{"rendered":"Mehr \u00fcber Dahab"},"content":{"rendered":"<div class=\"fusion-fullwidth fullwidth-box fusion-builder-row-1 fusion-flex-container nonhundred-percent-fullwidth non-hundred-percent-height-scrolling\" style=\"--awb-border-radius-top-left:0px;--awb-border-radius-top-right:0px;--awb-border-radius-bottom-right:0px;--awb-border-radius-bottom-left:0px;--awb-flex-wrap:wrap;\" ><div class=\"fusion-builder-row fusion-row fusion-flex-align-items-flex-start fusion-flex-content-wrap\" style=\"max-width:832px;margin-left: calc(-4% \/ 2 );margin-right: calc(-4% \/ 2 );\"><div class=\"fusion-layout-column fusion_builder_column fusion-builder-column-0 fusion_builder_column_1_1 1_1 fusion-flex-column\" style=\"--awb-bg-size:cover;--awb-width-large:100%;--awb-margin-top-large:0px;--awb-spacing-right-large:1.92%;--awb-margin-bottom-large:20px;--awb-spacing-left-large:1.92%;--awb-width-medium:100%;--awb-order-medium:0;--awb-spacing-right-medium:1.92%;--awb-spacing-left-medium:1.92%;--awb-width-small:100%;--awb-order-small:0;--awb-spacing-right-small:1.92%;--awb-spacing-left-small:1.92%;\"><div class=\"fusion-column-wrapper fusion-column-has-shadow fusion-flex-justify-content-flex-start fusion-content-layout-column\"><div class=\"fusion-text fusion-text-1\"><p><strong>Aktuelle Temperaturen in Dahab \u2013 Sinai \u2013 \u00c4gypten<\/strong><\/p>\n<\/div><a class=\"weatherwidget-io\" href=\"https:\/\/forecast7.com\/en\/28d5134d51\/dahab\/\" data-icons=\"Climacons\" data-days=\"5\" data-theme=\"original\" data-basecolor=\"\" data-textcolor=\"#514228\" data-highcolor=\"#7f3636\" data-lowcolor=\"#17405d\" data-mooncolor=\"#514228\" data-cloudcolor=\"#b3b3b3\" data-cloudfill=\"#b3b3b3\" data-raincolor=\"#17405d\" data-snowcolor=\"#b3b3b3\">Dahab, \u00c4gypten<\/a>\n<script>\n!function(d,s,id){var js,fjs=d.getElementsByTagName(s)[0];if(!d.getElementById(id)){js=d.createElement(s);js.id=id;js.src='https:\/\/weatherwidget.io\/js\/widget.min.js';fjs.parentNode.insertBefore(js,fjs);}}(document,'script','weatherwidget-io-js');\n<\/script>\n<br><div class=\"fusion-separator fusion-full-width-sep\" style=\"align-self: center;margin-left: auto;margin-right: auto;margin-top:30px;width:100%;\"><\/div><div class=\"fusion-image-element \" style=\"--awb-caption-title-font-family:var(--h2_typography-font-family);--awb-caption-title-font-weight:var(--h2_typography-font-weight);--awb-caption-title-font-style:var(--h2_typography-font-style);--awb-caption-title-size:var(--h2_typography-font-size);--awb-caption-title-transform:var(--h2_typography-text-transform);--awb-caption-title-line-height:var(--h2_typography-line-height);--awb-caption-title-letter-spacing:var(--h2_typography-letter-spacing);\"><span class=\" fusion-imageframe imageframe-none imageframe-1 hover-type-none\"><img decoding=\"async\" width=\"800\" height=\"450\" title=\"promenade\" src=\"https:\/\/christinahotels.com\/wp-content\/uploads\/2021\/05\/promenade-e1620028051232-1024x576.jpg\" alt class=\"img-responsive wp-image-132\" srcset=\"https:\/\/christinahotels.com\/wp-content\/uploads\/2021\/05\/promenade-e1620028051232-200x113.jpg 200w, https:\/\/christinahotels.com\/wp-content\/uploads\/2021\/05\/promenade-e1620028051232-400x225.jpg 400w, https:\/\/christinahotels.com\/wp-content\/uploads\/2021\/05\/promenade-e1620028051232-600x338.jpg 600w, https:\/\/christinahotels.com\/wp-content\/uploads\/2021\/05\/promenade-e1620028051232-800x450.jpg 800w, https:\/\/christinahotels.com\/wp-content\/uploads\/2021\/05\/promenade-e1620028051232-1200x675.jpg 1200w, https:\/\/christinahotels.com\/wp-content\/uploads\/2021\/05\/promenade-e1620028051232.jpg 1280w\" sizes=\"(max-width: 640px) 100vw, 800px\" \/><\/span><\/div><div class=\"fusion-text fusion-text-2\"><h1>Dahab \u2026<\/h1>\n<\/div><div class=\"fusion-text fusion-text-3\"><p>&#8230; ist ein entz\u00fcckendes kleines Beduinendorf an der Ostk\u00fcste der Sinai-Halbinsel. Die einzigartig verwunschene Atmosph\u00e4re aus den Tagen, als die ersten Hippies diese Region zu ihrem Lieblingstreffpunkt machten, hat gl\u00fccklicherweise bis ins 21. Jahrhundert \u00fcberlebt.<\/p>\n<p>Heute bietet Dahab eine kompakte und bunte Mischung aus schrulligen Restaurants, Hotels und Camps f\u00fcr jeden Geldbeutel, Basarstra\u00dfen mit interessanten kleinen Gesch\u00e4ften zum St\u00f6bern und zahlreiche Tauchschulen. Besucher aus allen Teilen der Welt sind von der entspannten Atmosph\u00e4re Dahabs, der gro\u00dfen Sch\u00f6nheit der Umgebung und dem herrlichen Meeresleben begeistert.<\/p>\n<\/div><div class=\"awb-gallery-wrapper awb-gallery-wrapper-1 button-span-no\"><div style=\"margin:-5px;--awb-bordersize:0px;\" class=\"fusion-gallery fusion-gallery-container fusion-grid-3 fusion-columns-total-3 fusion-gallery-layout-grid fusion-gallery-1\"><div style=\"padding:5px;\" class=\"fusion-grid-column fusion-gallery-column fusion-gallery-column-3 hover-type-none\"><div class=\"fusion-gallery-image\"><a href=\"https:\/\/christinahotels.com\/wp-content\/uploads\/2021\/05\/village-dahab3.jpg\" rel=\"noreferrer\" data-rel=\"iLightbox[gallery_image_1]\" class=\"fusion-lightbox\" target=\"_self\"><img decoding=\"async\" src=\"https:\/\/christinahotels.com\/wp-content\/uploads\/2021\/05\/village-dahab3.jpg\" width=\"640\" height=\"480\" alt=\"\" title=\"village dahab3\" aria-label=\"village dahab3\" class=\"img-responsive wp-image-134\" srcset=\"https:\/\/christinahotels.com\/wp-content\/uploads\/2021\/05\/village-dahab3-200x150.jpg 200w, https:\/\/christinahotels.com\/wp-content\/uploads\/2021\/05\/village-dahab3-400x300.jpg 400w, https:\/\/christinahotels.com\/wp-content\/uploads\/2021\/05\/village-dahab3-600x450.jpg 600w, https:\/\/christinahotels.com\/wp-content\/uploads\/2021\/05\/village-dahab3.jpg 640w\" sizes=\"(min-width: 2200px) 100vw, (min-width: 1104px) 263px, (min-width: 1032px) 395px, (min-width: 960px) 790px, \" \/><\/a><\/div><\/div><div style=\"padding:5px;\" class=\"fusion-grid-column fusion-gallery-column fusion-gallery-column-3 hover-type-none\"><div class=\"fusion-gallery-image\"><a href=\"https:\/\/christinahotels.com\/wp-content\/uploads\/2021\/05\/village-dahab.jpg\" rel=\"noreferrer\" data-rel=\"iLightbox[gallery_image_1]\" class=\"fusion-lightbox\" target=\"_self\"><img decoding=\"async\" src=\"https:\/\/christinahotels.com\/wp-content\/uploads\/2021\/05\/village-dahab.jpg\" width=\"640\" height=\"480\" alt=\"\" title=\"village dahab\" aria-label=\"village dahab\" class=\"img-responsive wp-image-133\" srcset=\"https:\/\/christinahotels.com\/wp-content\/uploads\/2021\/05\/village-dahab-200x150.jpg 200w, https:\/\/christinahotels.com\/wp-content\/uploads\/2021\/05\/village-dahab-400x300.jpg 400w, https:\/\/christinahotels.com\/wp-content\/uploads\/2021\/05\/village-dahab-600x450.jpg 600w, https:\/\/christinahotels.com\/wp-content\/uploads\/2021\/05\/village-dahab.jpg 640w\" sizes=\"(min-width: 2200px) 100vw, (min-width: 1104px) 263px, (min-width: 1032px) 395px, (min-width: 960px) 790px, \" \/><\/a><\/div><\/div><div style=\"padding:5px;\" class=\"fusion-grid-column fusion-gallery-column fusion-gallery-column-3 hover-type-none\"><div class=\"fusion-gallery-image\"><a href=\"https:\/\/christinahotels.com\/wp-content\/uploads\/2021\/05\/from-promenade.jpg\" rel=\"noreferrer\" data-rel=\"iLightbox[gallery_image_1]\" class=\"fusion-lightbox\" target=\"_self\"><img decoding=\"async\" src=\"https:\/\/christinahotels.com\/wp-content\/uploads\/2021\/05\/from-promenade.jpg\" width=\"1280\" height=\"960\" alt=\"\" title=\"from promenade\" aria-label=\"from promenade\" class=\"img-responsive wp-image-131\" srcset=\"https:\/\/christinahotels.com\/wp-content\/uploads\/2021\/05\/from-promenade-200x150.jpg 200w, https:\/\/christinahotels.com\/wp-content\/uploads\/2021\/05\/from-promenade-400x300.jpg 400w, https:\/\/christinahotels.com\/wp-content\/uploads\/2021\/05\/from-promenade-600x450.jpg 600w, https:\/\/christinahotels.com\/wp-content\/uploads\/2021\/05\/from-promenade-800x600.jpg 800w, https:\/\/christinahotels.com\/wp-content\/uploads\/2021\/05\/from-promenade-1200x900.jpg 1200w, https:\/\/christinahotels.com\/wp-content\/uploads\/2021\/05\/from-promenade.jpg 1280w\" sizes=\"(min-width: 2200px) 100vw, (min-width: 1104px) 263px, (min-width: 1032px) 395px, (min-width: 960px) 790px, \" \/><\/a><\/div><\/div><div class=\"clearfix\"><\/div><\/div><\/div><div class=\"fusion-text fusion-text-4\"><p>Das Dorf wird von Beduinen, \u00c4gyptern und ehemaligen Touristen bev\u00f6lkert, die einst selbst nur auf der Durchreise waren, aber dem Zauber von Dahab erlegen sind&#8230;<\/p>\n<\/div><div class=\"fusion-text fusion-text-5\"><h2>Klima<\/h2>\n<\/div><div class=\"fusion-text fusion-text-6\"><p>\u00dcberwiegend trockenes und hei\u00dfes W\u00fcstenklima mit Sommertemperaturen von bis zu 40\u00b0C. In den &#8222;kalten&#8220; Wintermonaten Januar und Februar kann das Thermometer nachts auf unter 15\u00b0C sinken, tags\u00fcber aber wieder auf \u00fcber 25\u00b0C klettern, dazu ein tiefblauer Himmel.<br \/>\nDahab ist das ganze Jahr \u00fcber einen Besuch wert. Die allerbesten Monate sind wahrscheinlich die europ\u00e4ische Fr\u00fchjahrssaison im M\u00e4rz, April und Mai, die Herbstsaison im September, Oktober und November sowie Weihnachten\/Neujahr.<\/p>\n<\/div><div class=\"fusion-text fusion-text-7\"><p><strong>Durchschnittstemperaturen<\/strong><\/p>\n<\/div>\n<div class=\"table-1\">\n<table style=\"height: 95px;\" width=\"626\">\n<thead>\n<tr>\n<th align=\"left\"><\/th>\n<th style=\"text-align: right;\" align=\"left\">Jan<\/th>\n<th style=\"text-align: right;\" align=\"left\">Feb<\/th>\n<th style=\"text-align: right;\" align=\"left\">Mar<\/th>\n<th style=\"text-align: right;\" align=\"left\">Apr<\/th>\n<th style=\"text-align: right;\" align=\"left\">Mai<\/th>\n<th style=\"text-align: right;\" align=\"left\">Jun<\/th>\n<th style=\"text-align: right;\" align=\"left\">Jul<\/th>\n<th style=\"text-align: right;\" align=\"left\">Aug<\/th>\n<th style=\"text-align: right;\" align=\"left\">Sept<\/th>\n<th style=\"text-align: right;\" align=\"left\">Okt<\/th>\n<th style=\"text-align: right;\" align=\"left\">Nov<\/th>\n<th style=\"text-align: right;\" align=\"left\">Dez<\/th>\n<\/tr>\n<\/thead>\n<tbody>\n<tr>\n<td align=\"left\">Luft<\/td>\n<td style=\"text-align: right;\" align=\"left\">21<\/td>\n<td style=\"text-align: right;\" align=\"left\">23<\/td>\n<td style=\"text-align: right;\" align=\"left\">26<\/td>\n<td style=\"text-align: right;\" align=\"left\">31<\/td>\n<td style=\"text-align: right;\" align=\"left\">31<\/td>\n<td style=\"text-align: right;\" align=\"left\">38<\/td>\n<td style=\"text-align: right;\" align=\"left\">39<\/td>\n<td style=\"text-align: right;\" align=\"left\">39<\/td>\n<td style=\"text-align: right;\" align=\"left\">36<\/td>\n<td style=\"text-align: right;\" align=\"left\">33<\/td>\n<td style=\"text-align: right;\" align=\"left\">27<\/td>\n<td style=\"text-align: right;\" align=\"left\">22<\/td>\n<\/tr>\n<tr>\n<td style=\"text-align: left;\" align=\"left\">Meer<\/td>\n<td style=\"text-align: right;\" align=\"left\">22<\/td>\n<td style=\"text-align: right;\" align=\"left\">21<\/td>\n<td style=\"text-align: right;\" align=\"left\">21<\/td>\n<td style=\"text-align: right;\" align=\"left\">21<\/td>\n<td style=\"text-align: right;\" align=\"left\">22<\/td>\n<td style=\"text-align: right;\" align=\"left\">23<\/td>\n<td style=\"text-align: right;\" align=\"left\">25<\/td>\n<td style=\"text-align: right;\" align=\"left\">25<\/td>\n<td style=\"text-align: right;\" align=\"left\">25<\/td>\n<td style=\"text-align: right;\" align=\"left\">25<\/td>\n<td style=\"text-align: right;\" align=\"left\">24<\/td>\n<td style=\"text-align: right;\" align=\"left\">23<\/td>\n<\/tr>\n<\/tbody>\n<\/table>\n<\/div>\n<div class=\"fusion-text fusion-text-8\"><h2>Kleidung<\/h2>\n<p>Light Stoffe. Bringen Sie eine Jacke und einen Pullover f\u00fcr die Abende von Weihnachten bis Ende Februar mit. \u00c4gypten ist ein islamisches, aber sehr offenes und tolerantes Land. Es ist in Ordnung, kurze Sommerkleidung zu tragen, besonders in Badeorten wie Dahab. Bikinis sollten nach wie vor nur am Strand getragen werden &#8211; und bitte respektieren Sie die Einheimischen, indem Sie nicht in Hotpants oder \u00e4hnlichem zum Souvenirshopping gehen!<\/p>\n<h2>Der Strand<\/h2>\n<p>Ein herrliches Korallenriff erstreckt sich direkt vom Ufer aus. Apropos Schnorcheln vor der Haust\u00fcr!<\/p>\n<p>Einen breiten, flach abfallenden Sandstrand finden Sie an der Laguna, etwa 4 km s\u00fcdlich des Ortes. Eine Handvoll 4-5-Sterne-Hotels, die sich hier befinden, bieten Nicht-G\u00e4sten die Nutzung ihrer Strand- und Poolanlagen gegen eine geringe Geb\u00fchr an.<\/p>\n<\/div><div class=\"awb-gallery-wrapper awb-gallery-wrapper-2 button-span-no\"><div style=\"margin:-5px;--awb-bordersize:0px;\" class=\"fusion-gallery fusion-gallery-container fusion-grid-3 fusion-columns-total-9 fusion-gallery-layout-masonry fusion-gallery-2\"><div class=\"fusion-grid-column fusion-gallery-column fusion-gallery-column-3 hover-type-none fusion-grid-sizer\"><\/div><div style=\"padding:5px;\" class=\"fusion-grid-column fusion-gallery-column fusion-gallery-column-3 hover-type-none fusion-element-grid\"><div class=\"fusion-gallery-image\"><div style=\"background-image:url(https:\/\/christinahotels.com\/wp-content\/uploads\/2021\/05\/img_dahabinfo_3.jpg);padding-top:calc((100% + 10px) * 0.8 - 5px);background-position:;\" class=\"fusion-masonry-element-container\"><img decoding=\"async\" src=\"https:\/\/christinahotels.com\/wp-content\/uploads\/2021\/05\/img_dahabinfo_3.jpg\" width=\"175\" height=\"131\" alt=\"\" title=\"img_dahabinfo_3\" aria-label=\"img_dahabinfo_3\" class=\"img-responsive wp-image-136\"  \/><\/div><\/div><\/div><div style=\"padding:5px;\" class=\"fusion-grid-column fusion-gallery-column fusion-gallery-column-3 hover-type-none fusion-element-grid\"><div class=\"fusion-gallery-image\"><div style=\"background-image:url(https:\/\/christinahotels.com\/wp-content\/uploads\/2021\/05\/img_dahabinfo_4.jpg);padding-top:calc((100% + 10px) * 0.8 - 5px);background-position:;\" class=\"fusion-masonry-element-container\"><img decoding=\"async\" src=\"https:\/\/christinahotels.com\/wp-content\/uploads\/2021\/05\/img_dahabinfo_4.jpg\" width=\"175\" height=\"131\" alt=\"\" title=\"img_dahabinfo_4\" aria-label=\"img_dahabinfo_4\" class=\"img-responsive wp-image-137\"  \/><\/div><\/div><\/div><div style=\"padding:5px;\" class=\"fusion-grid-column fusion-gallery-column fusion-gallery-column-3 hover-type-none fusion-element-grid\"><div class=\"fusion-gallery-image\"><div style=\"background-image:url(https:\/\/christinahotels.com\/wp-content\/uploads\/2021\/05\/img_dahabinfo_5.jpg);padding-top:calc((100% + 10px) * 0.8 - 5px);background-position:;\" class=\"fusion-masonry-element-container\"><img decoding=\"async\" src=\"https:\/\/christinahotels.com\/wp-content\/uploads\/2021\/05\/img_dahabinfo_5.jpg\" width=\"175\" height=\"131\" alt=\"\" title=\"img_dahabinfo_5\" aria-label=\"img_dahabinfo_5\" class=\"img-responsive wp-image-138\"  \/><\/div><\/div><\/div><div style=\"padding:5px;\" class=\"fusion-grid-column fusion-gallery-column fusion-gallery-column-3 hover-type-none fusion-element-grid\"><div class=\"fusion-gallery-image\"><div style=\"background-image:url(https:\/\/christinahotels.com\/wp-content\/uploads\/2021\/05\/img_dahabinfo_6.jpg);padding-top:calc((100% + 10px) * 0.8 - 5px);background-position:;\" class=\"fusion-masonry-element-container\"><img decoding=\"async\" src=\"https:\/\/christinahotels.com\/wp-content\/uploads\/2021\/05\/img_dahabinfo_6.jpg\" width=\"175\" height=\"131\" alt=\"\" title=\"img_dahabinfo_6\" aria-label=\"img_dahabinfo_6\" class=\"img-responsive wp-image-139\"  \/><\/div><\/div><\/div><div style=\"padding:5px;\" class=\"fusion-grid-column fusion-gallery-column fusion-gallery-column-3 hover-type-none fusion-element-grid\"><div class=\"fusion-gallery-image\"><div style=\"background-image:url(https:\/\/christinahotels.com\/wp-content\/uploads\/2021\/05\/img_dahabinfo_7.jpg);padding-top:calc((100% + 10px) * 0.8 - 5px);background-position:;\" class=\"fusion-masonry-element-container\"><img decoding=\"async\" src=\"https:\/\/christinahotels.com\/wp-content\/uploads\/2021\/05\/img_dahabinfo_7.jpg\" width=\"175\" height=\"131\" alt=\"\" title=\"img_dahabinfo_7\" aria-label=\"img_dahabinfo_7\" class=\"img-responsive wp-image-140\"  \/><\/div><\/div><\/div><div style=\"padding:5px;\" class=\"fusion-grid-column fusion-gallery-column fusion-gallery-column-3 hover-type-none fusion-element-grid\"><div class=\"fusion-gallery-image\"><div style=\"background-image:url(https:\/\/christinahotels.com\/wp-content\/uploads\/2021\/05\/img_dahabinfo_8.jpg);padding-top:calc((100% + 10px) * 0.8 - 5px);background-position:;\" class=\"fusion-masonry-element-container\"><img decoding=\"async\" src=\"https:\/\/christinahotels.com\/wp-content\/uploads\/2021\/05\/img_dahabinfo_8.jpg\" width=\"175\" height=\"131\" alt=\"\" title=\"img_dahabinfo_8\" aria-label=\"img_dahabinfo_8\" class=\"img-responsive wp-image-141\"  \/><\/div><\/div><\/div><div style=\"padding:5px;\" class=\"fusion-grid-column fusion-gallery-column fusion-gallery-column-3 hover-type-none fusion-element-grid\"><div class=\"fusion-gallery-image\"><div style=\"background-image:url(https:\/\/christinahotels.com\/wp-content\/uploads\/2021\/05\/img_dahabinfo_9.jpg);padding-top:calc((100% + 10px) * 0.8 - 5px);background-position:;\" class=\"fusion-masonry-element-container\"><img decoding=\"async\" src=\"https:\/\/christinahotels.com\/wp-content\/uploads\/2021\/05\/img_dahabinfo_9.jpg\" width=\"175\" height=\"131\" alt=\"\" title=\"img_dahabinfo_9\" aria-label=\"img_dahabinfo_9\" class=\"img-responsive wp-image-142\"  \/><\/div><\/div><\/div><div style=\"padding:5px;\" class=\"fusion-grid-column fusion-gallery-column fusion-gallery-column-3 hover-type-none fusion-element-grid\"><div class=\"fusion-gallery-image\"><div style=\"background-image:url(https:\/\/christinahotels.com\/wp-content\/uploads\/2021\/05\/img_dahabinfo_10.jpg);padding-top:calc((100% + 10px) * 0.8 - 5px);background-position:;\" class=\"fusion-masonry-element-container\"><img decoding=\"async\" src=\"https:\/\/christinahotels.com\/wp-content\/uploads\/2021\/05\/img_dahabinfo_10.jpg\" width=\"175\" height=\"131\" alt=\"\" title=\"img_dahabinfo_10\" aria-label=\"img_dahabinfo_10\" class=\"img-responsive wp-image-143\"  \/><\/div><\/div><\/div><div style=\"padding:5px;\" class=\"fusion-grid-column fusion-gallery-column fusion-gallery-column-3 hover-type-none fusion-element-grid\"><div class=\"fusion-gallery-image\"><div style=\"background-image:url(https:\/\/christinahotels.com\/wp-content\/uploads\/2021\/05\/img_dahabinfo_11.jpg);padding-top:calc((100% + 10px) * 0.8 - 5px);background-position:;\" class=\"fusion-masonry-element-container\"><img decoding=\"async\" src=\"https:\/\/christinahotels.com\/wp-content\/uploads\/2021\/05\/img_dahabinfo_11.jpg\" width=\"175\" height=\"131\" alt=\"\" title=\"img_dahabinfo_11\" aria-label=\"img_dahabinfo_11\" class=\"img-responsive wp-image-144\"  \/><\/div><\/div><\/div><\/div><\/div><\/div><\/div><\/div><\/div>\n","protected":false},"excerpt":{"rendered":"","protected":false},"author":1,"featured_media":0,"parent":0,"menu_order":0,"comment_status":"closed","ping_status":"closed","template":"","meta":{"footnotes":""},"class_list":["post-396","page","type-page","status-publish","hentry"],"yoast_head":"<!-- This site is optimized with the Yoast SEO plugin v26.2 - https:\/\/yoast.com\/wordpress\/plugins\/seo\/ -->\n<title>Mehr \u00fcber Dahab - Christina Hotels<\/title>\n<meta name=\"robots\" content=\"index, follow, max-snippet:-1, max-image-preview:large, max-video-preview:-1\" \/>\n<link rel=\"canonical\" href=\"https:\/\/christinahotels.com\/de\/mehr-ueber-dahab\/\" \/>\n<meta property=\"og:locale\" content=\"de_DE\" \/>\n<meta property=\"og:type\" content=\"article\" \/>\n<meta property=\"og:title\" content=\"Mehr \u00fcber Dahab - Christina Hotels\" \/>\n<meta property=\"og:url\" content=\"https:\/\/christinahotels.com\/de\/mehr-ueber-dahab\/\" \/>\n<meta property=\"og:site_name\" content=\"Christina Hotels\" \/>\n<meta property=\"article:modified_time\" content=\"2021-09-08T08:14:19+00:00\" \/>\n<meta name=\"twitter:card\" content=\"summary_large_image\" \/>\n<meta name=\"twitter:label1\" content=\"Gesch\u00e4tzte Lesezeit\" \/>\n\t<meta name=\"twitter:data1\" content=\"10\u00a0Minuten\" \/>\n<script type=\"application\/ld+json\" class=\"yoast-schema-graph\">{\"@context\":\"https:\/\/schema.org\",\"@graph\":[{\"@type\":\"WebPage\",\"@id\":\"https:\/\/christinahotels.com\/de\/mehr-ueber-dahab\/\",\"url\":\"https:\/\/christinahotels.com\/de\/mehr-ueber-dahab\/\",\"name\":\"Mehr \u00fcber Dahab - Christina Hotels\",\"isPartOf\":{\"@id\":\"https:\/\/christinahotels.com\/#website\"},\"datePublished\":\"2021-07-08T10:02:47+00:00\",\"dateModified\":\"2021-09-08T08:14:19+00:00\",\"breadcrumb\":{\"@id\":\"https:\/\/christinahotels.com\/de\/mehr-ueber-dahab\/#breadcrumb\"},\"inLanguage\":\"de\",\"potentialAction\":[{\"@type\":\"ReadAction\",\"target\":[\"https:\/\/christinahotels.com\/de\/mehr-ueber-dahab\/\"]}]},{\"@type\":\"BreadcrumbList\",\"@id\":\"https:\/\/christinahotels.com\/de\/mehr-ueber-dahab\/#breadcrumb\",\"itemListElement\":[{\"@type\":\"ListItem\",\"position\":1,\"name\":\"Startseite\",\"item\":\"https:\/\/christinahotels.com\/de\/\"},{\"@type\":\"ListItem\",\"position\":2,\"name\":\"Mehr \u00fcber Dahab\"}]},{\"@type\":\"WebSite\",\"@id\":\"https:\/\/christinahotels.com\/#website\",\"url\":\"https:\/\/christinahotels.com\/\",\"name\":\"Christina Hotels\",\"description\":\"Dahab - Sinai - &Auml;gypten\",\"potentialAction\":[{\"@type\":\"SearchAction\",\"target\":{\"@type\":\"EntryPoint\",\"urlTemplate\":\"https:\/\/christinahotels.com\/?s={search_term_string}\"},\"query-input\":{\"@type\":\"PropertyValueSpecification\",\"valueRequired\":true,\"valueName\":\"search_term_string\"}}],\"inLanguage\":\"de\"}]}<\/script>\n<!-- \/ Yoast SEO plugin. -->","yoast_head_json":{"title":"Mehr \u00fcber Dahab - Christina Hotels","robots":{"index":"index","follow":"follow","max-snippet":"max-snippet:-1","max-image-preview":"max-image-preview:large","max-video-preview":"max-video-preview:-1"},"canonical":"https:\/\/christinahotels.com\/de\/mehr-ueber-dahab\/","og_locale":"de_DE","og_type":"article","og_title":"Mehr \u00fcber Dahab - Christina Hotels","og_url":"https:\/\/christinahotels.com\/de\/mehr-ueber-dahab\/","og_site_name":"Christina Hotels","article_modified_time":"2021-09-08T08:14:19+00:00","twitter_card":"summary_large_image","twitter_misc":{"Gesch\u00e4tzte Lesezeit":"10\u00a0Minuten"},"schema":{"@context":"https:\/\/schema.org","@graph":[{"@type":"WebPage","@id":"https:\/\/christinahotels.com\/de\/mehr-ueber-dahab\/","url":"https:\/\/christinahotels.com\/de\/mehr-ueber-dahab\/","name":"Mehr \u00fcber Dahab - Christina Hotels","isPartOf":{"@id":"https:\/\/christinahotels.com\/#website"},"datePublished":"2021-07-08T10:02:47+00:00","dateModified":"2021-09-08T08:14:19+00:00","breadcrumb":{"@id":"https:\/\/christinahotels.com\/de\/mehr-ueber-dahab\/#breadcrumb"},"inLanguage":"de","potentialAction":[{"@type":"ReadAction","target":["https:\/\/christinahotels.com\/de\/mehr-ueber-dahab\/"]}]},{"@type":"BreadcrumbList","@id":"https:\/\/christinahotels.com\/de\/mehr-ueber-dahab\/#breadcrumb","itemListElement":[{"@type":"ListItem","position":1,"name":"Startseite","item":"https:\/\/christinahotels.com\/de\/"},{"@type":"ListItem","position":2,"name":"Mehr \u00fcber Dahab"}]},{"@type":"WebSite","@id":"https:\/\/christinahotels.com\/#website","url":"https:\/\/christinahotels.com\/","name":"Christina Hotels","description":"Dahab - Sinai - &Auml;gypten","potentialAction":[{"@type":"SearchAction","target":{"@type":"EntryPoint","urlTemplate":"https:\/\/christinahotels.com\/?s={search_term_string}"},"query-input":{"@type":"PropertyValueSpecification","valueRequired":true,"valueName":"search_term_string"}}],"inLanguage":"de"}]}},"_links":{"self":[{"href":"https:\/\/christinahotels.com\/de\/wp-json\/wp\/v2\/pages\/396","targetHints":{"allow":["GET"]}}],"collection":[{"href":"https:\/\/christinahotels.com\/de\/wp-json\/wp\/v2\/pages"}],"about":[{"href":"https:\/\/christinahotels.com\/de\/wp-json\/wp\/v2\/types\/page"}],"author":[{"embeddable":true,"href":"https:\/\/christinahotels.com\/de\/wp-json\/wp\/v2\/users\/1"}],"replies":[{"embeddable":true,"href":"https:\/\/christinahotels.com\/de\/wp-json\/wp\/v2\/comments?post=396"}],"version-history":[{"count":17,"href":"https:\/\/christinahotels.com\/de\/wp-json\/wp\/v2\/pages\/396\/revisions"}],"predecessor-version":[{"id":2225,"href":"https:\/\/christinahotels.com\/de\/wp-json\/wp\/v2\/pages\/396\/revisions\/2225"}],"wp:attachment":[{"href":"https:\/\/christinahotels.com\/de\/wp-json\/wp\/v2\/media?parent=396"}],"curies":[{"name":"wp","href":"https:\/\/api.w.org\/{rel}","templated":true}]}}