{"id":412,"date":"2021-07-08T10:15:15","date_gmt":"2021-07-08T10:15:15","guid":{"rendered":"http:\/\/christ69.cyon.link\/willkommen\/"},"modified":"2021-07-23T07:26:50","modified_gmt":"2021-07-23T07:26:50","slug":"willkommen","status":"publish","type":"page","link":"https:\/\/christinahotels.com\/de\/","title":{"rendered":"Willkommen"},"content":{"rendered":"<p><div class=\"fusion-fullwidth fullwidth-box fusion-builder-row-1 fusion-flex-container nonhundred-percent-fullwidth non-hundred-percent-height-scrolling\" style=\"--awb-border-radius-top-left:0px;--awb-border-radius-top-right:0px;--awb-border-radius-bottom-right:0px;--awb-border-radius-bottom-left:0px;--awb-flex-wrap:wrap;\" ><div class=\"fusion-builder-row fusion-row fusion-flex-align-items-flex-start fusion-flex-content-wrap\" style=\"max-width:832px;margin-left: calc(-4% \/ 2 );margin-right: calc(-4% \/ 2 );\"><div class=\"fusion-layout-column fusion_builder_column fusion-builder-column-0 fusion_builder_column_1_1 1_1 fusion-flex-column\" style=\"--awb-bg-size:cover;--awb-width-large:100%;--awb-margin-top-large:0px;--awb-spacing-right-large:1.92%;--awb-margin-bottom-large:0px;--awb-spacing-left-large:1.92%;--awb-width-medium:100%;--awb-order-medium:0;--awb-spacing-right-medium:1.92%;--awb-spacing-left-medium:1.92%;--awb-width-small:100%;--awb-order-small:0;--awb-spacing-right-small:1.92%;--awb-spacing-left-small:1.92%;\"><div class=\"fusion-column-wrapper fusion-column-has-shadow fusion-flex-justify-content-flex-start fusion-content-layout-column\"><div class=\"fusion-text fusion-text-1 usp-header\"><p>Die Lebensweise der Beduinen | W\u00fcstensafaris | Erstaunliche Schnorchel- und Taucherlebnisse | Sonne, Strand und Meer | Kitesurfen | Windsurfen<\/p>\n<\/div><\/div><\/div><\/div><\/div><div class=\"fusion-fullwidth fullwidth-box fusion-builder-row-2 fusion-flex-container nonhundred-percent-fullwidth non-hundred-percent-height-scrolling\" style=\"--awb-border-radius-top-left:0px;--awb-border-radius-top-right:0px;--awb-border-radius-bottom-right:0px;--awb-border-radius-bottom-left:0px;--awb-flex-wrap:wrap;\" ><div class=\"fusion-builder-row fusion-row fusion-flex-align-items-flex-start fusion-flex-content-wrap\" style=\"max-width:832px;margin-left: calc(-4% \/ 2 );margin-right: calc(-4% \/ 2 );\"><div class=\"fusion-layout-column fusion_builder_column fusion-builder-column-1 fusion_builder_column_1_1 1_1 fusion-flex-column\" style=\"--awb-bg-size:cover;--awb-width-large:100%;--awb-margin-top-large:0px;--awb-spacing-right-large:1.92%;--awb-margin-bottom-large:20px;--awb-spacing-left-large:1.92%;--awb-width-medium:100%;--awb-order-medium:0;--awb-spacing-right-medium:1.92%;--awb-spacing-left-medium:1.92%;--awb-width-small:100%;--awb-order-small:0;--awb-spacing-right-small:1.92%;--awb-spacing-left-small:1.92%;\"><div class=\"fusion-column-wrapper fusion-column-has-shadow fusion-flex-justify-content-flex-start fusion-content-layout-column\"><div class=\"fusion-image-element \" style=\"--awb-caption-title-font-family:var(--h2_typography-font-family);--awb-caption-title-font-weight:var(--h2_typography-font-weight);--awb-caption-title-font-style:var(--h2_typography-font-style);--awb-caption-title-size:var(--h2_typography-font-size);--awb-caption-title-transform:var(--h2_typography-text-transform);--awb-caption-title-line-height:var(--h2_typography-line-height);--awb-caption-title-letter-spacing:var(--h2_typography-letter-spacing);\"><span class=\" fusion-imageframe imageframe-none imageframe-1 hover-type-none\"><img decoding=\"async\" width=\"800\" height=\"450\" title=\"open gate &#8211; welcome\" src=\"https:\/\/christinahotels.com\/wp-content\/uploads\/2021\/04\/open-gate-welcome-e1618837389677-1024x576.jpg\" alt class=\"img-responsive wp-image-2196\" srcset=\"https:\/\/christinahotels.com\/wp-content\/uploads\/2021\/04\/open-gate-welcome-e1618837389677-200x113.jpg 200w, https:\/\/christinahotels.com\/wp-content\/uploads\/2021\/04\/open-gate-welcome-e1618837389677-400x225.jpg 400w, https:\/\/christinahotels.com\/wp-content\/uploads\/2021\/04\/open-gate-welcome-e1618837389677-600x338.jpg 600w, https:\/\/christinahotels.com\/wp-content\/uploads\/2021\/04\/open-gate-welcome-e1618837389677-800x450.jpg 800w, https:\/\/christinahotels.com\/wp-content\/uploads\/2021\/04\/open-gate-welcome-e1618837389677-1200x675.jpg 1200w, https:\/\/christinahotels.com\/wp-content\/uploads\/2021\/04\/open-gate-welcome-e1618837389677.jpg 1280w\" sizes=\"(max-width: 640px) 100vw, 800px\" \/><\/span><\/div><div class=\"fusion-text fusion-text-2\"><h1>Willkommen bei Christina Hotels!<\/h1>\n<\/div><div class=\"fusion-text fusion-text-3 lead-text\"><p>Ihre Oase am Meer, im Feriendorf Dahab<\/p>\n<\/div><\/div><\/div><\/div><\/div><div class=\"fusion-fullwidth fullwidth-box fusion-builder-row-3 fusion-flex-container nonhundred-percent-fullwidth non-hundred-percent-height-scrolling\" style=\"--awb-border-radius-top-left:0px;--awb-border-radius-top-right:0px;--awb-border-radius-bottom-right:0px;--awb-border-radius-bottom-left:0px;--awb-flex-wrap:wrap;\" ><div class=\"fusion-builder-row fusion-row fusion-flex-align-items-flex-start fusion-flex-content-wrap\" style=\"max-width:832px;margin-left: calc(-4% \/ 2 );margin-right: calc(-4% \/ 2 );\"><div class=\"fusion-layout-column fusion_builder_column fusion-builder-column-2 fusion_builder_column_1_1 1_1 fusion-flex-column\" style=\"--awb-bg-size:cover;--awb-width-large:100%;--awb-margin-top-large:0px;--awb-spacing-right-large:1.92%;--awb-margin-bottom-large:20px;--awb-spacing-left-large:1.92%;--awb-width-medium:100%;--awb-order-medium:0;--awb-spacing-right-medium:1.92%;--awb-spacing-left-medium:1.92%;--awb-width-small:100%;--awb-order-small:0;--awb-spacing-right-small:1.92%;--awb-spacing-left-small:1.92%;\"><div class=\"fusion-column-wrapper fusion-column-has-shadow fusion-flex-justify-content-flex-start fusion-content-layout-column\"><div class=\"fusion-text fusion-text-4\"><p>Christina Hotels \u00f6ffnete seine T\u00fcren 1996 mit nur 10 Zimmern, als Dahab noch ein winziges und unbekanntes Backpacker-Dorf an der Ostk\u00fcste der Sinai-Halbinsel war.<\/p>\n<p>Das Hotel ist seitdem zu einem sch\u00f6nen Mittelklassehotel mit der heutigen Anzahl von 40 Zimmern gewachsen. Von zahlreichen Stammg\u00e4sten geliebt f\u00fcr den freundlichen Service, die Sauberkeit und die tolle famili\u00e4re Atmosph\u00e4re.<\/p>\n<p>W\u00e4hlen Sie Ihr Zimmer unter 3 verschiedenen Zimmertypen<\/p>\n<\/div><div class=\"fusion-content-boxes content-boxes columns row fusion-columns-3 fusion-columns-total-3 fusion-content-boxes-1 content-boxes-icon-on-top content-left\" style=\"--awb-iconcolor:#7a5230;--awb-margin-top:20px;--awb-hover-accent-color:#7a5230;--awb-circle-hover-accent-color:transparent;\" data-animationOffset=\"top-into-view\"><div style=\"--awb-backgroundcolor:rgba(255,255,255,0);--awb-iconcolor:#7a5230;\" class=\"fusion-column content-box-column content-box-column content-box-column-1 col-lg-4 col-md-4 col-sm-4 fusion-content-box-hover content-box-column-first-in-row\"><div class=\"col content-box-wrapper content-wrapper link-area-link-icon link-type-text content-icon-wrapper-yes icon-hover-animation-fade\" data-animationOffset=\"top-into-view\"><div class=\"heading heading-with-icon icon-left\"><a class=\"heading-link\" href=\"\/christina-beach-palace\/\" target=\"_self\"><div class=\"icon\"><span ><i style=\"background-color:transparent;border-color:transparent;height:auto;width: 35px;line-height:normal;font-size:35px;\" aria-hidden=\"true\" class=\"fontawesome-icon fa-bed fas circle-no\"><\/i><\/span><\/div><h2 class=\"content-box-heading fusion-responsive-typography-calculated\" style=\"--h2_typography-font-size:24px;--fontSize:24;line-height:1.35;\">Christina Beach PALACE**(*)<\/h2><\/a><\/div><div class=\"fusion-clearfix\"><\/div><div class=\"content-container\">\n<p>direkt am Meer, Meer- oder Gartenblick, seit 2000<\/p>\n<\/div><div class=\"fusion-clearfix\"><\/div><a class=\" fusion-read-more\" href=\"\/christina-beach-palace\/\" target=\"_self\">mehr<\/a><div class=\"fusion-clearfix\"><\/div><\/div><\/div><div style=\"--awb-backgroundcolor:rgba(255,255,255,0);--awb-iconcolor:#7a5230;\" class=\"fusion-column content-box-column content-box-column content-box-column-2 col-lg-4 col-md-4 col-sm-4 fusion-content-box-hover \"><div class=\"col content-box-wrapper content-wrapper link-area-link-icon link-type-text content-icon-wrapper-yes icon-hover-animation-fade\" data-animationOffset=\"top-into-view\"><div class=\"heading heading-with-icon icon-left\"><a class=\"heading-link\" href=\"\/christina-pool\/\" target=\"_self\"><div class=\"icon\"><span ><i style=\"background-color:transparent;border-color:transparent;height:auto;width: 35px;line-height:normal;font-size:35px;\" aria-hidden=\"true\" class=\"fontawesome-icon fa-bed fas circle-no\"><\/i><\/span><\/div><h2 class=\"content-box-heading fusion-responsive-typography-calculated\" style=\"--h2_typography-font-size:24px;--fontSize:24;line-height:1.35;\">Christina Beach POOL***<\/h2><\/a><\/div><div class=\"fusion-clearfix\"><\/div><div class=\"content-container\">\n<p>neu er\u00f6ffnete, stilvolle Zimmer mit Poolblick<\/p>\n<\/div><div class=\"fusion-clearfix\"><\/div><a class=\" fusion-read-more\" href=\"\/christina-pool\/\" target=\"_self\">mehr<\/a><div class=\"fusion-clearfix\"><\/div><\/div><\/div><div style=\"--awb-backgroundcolor:rgba(255,255,255,0);--awb-iconcolor:#7a5230;\" class=\"fusion-column content-box-column content-box-column content-box-column-3 col-lg-4 col-md-4 col-sm-4 fusion-content-box-hover content-box-column-last content-box-column-last-in-row\"><div class=\"col content-box-wrapper content-wrapper link-area-link-icon link-type-text content-icon-wrapper-yes icon-hover-animation-fade\" data-animationOffset=\"top-into-view\"><div class=\"heading heading-with-icon icon-left\"><a class=\"heading-link\" href=\"\/christina-residence\/\" target=\"_self\"><div class=\"icon\"><span ><i style=\"background-color:transparent;border-color:transparent;height:auto;width: 35px;line-height:normal;font-size:35px;\" aria-hidden=\"true\" class=\"fontawesome-icon fa-bed fas circle-no\"><\/i><\/span><\/div><h2 class=\"content-box-heading fusion-responsive-typography-calculated\" style=\"--h2_typography-font-size:24px;--fontSize:24;line-height:1.35;\">Christina RESIDENCE*<\/h2><\/a><\/div><div class=\"fusion-clearfix\"><\/div><div class=\"content-container\">\n<p>das Backpackerhaus seit 1996<\/p>\n<\/div><div class=\"fusion-clearfix\"><\/div><a class=\" fusion-read-more\" href=\"\/christina-residence\/\" target=\"_self\">mehr<\/a><div class=\"fusion-clearfix\"><\/div><\/div><\/div><div class=\"fusion-clearfix\"><\/div><\/div><\/div><\/div><\/div><\/div><div class=\"fusion-fullwidth fullwidth-box fusion-builder-row-4 fusion-flex-container nonhundred-percent-fullwidth non-hundred-percent-height-scrolling\" style=\"--awb-border-radius-top-left:0px;--awb-border-radius-top-right:0px;--awb-border-radius-bottom-right:0px;--awb-border-radius-bottom-left:0px;--awb-flex-wrap:wrap;\" ><div class=\"fusion-builder-row fusion-row fusion-flex-align-items-flex-start fusion-flex-content-wrap\" style=\"max-width:832px;margin-left: calc(-4% \/ 2 );margin-right: calc(-4% \/ 2 );\"><div class=\"fusion-layout-column fusion_builder_column fusion-builder-column-3 fusion_builder_column_1_1 1_1 fusion-flex-column\" style=\"--awb-bg-size:cover;--awb-width-large:100%;--awb-margin-top-large:0px;--awb-spacing-right-large:1.92%;--awb-margin-bottom-large:20px;--awb-spacing-left-large:1.92%;--awb-width-medium:100%;--awb-order-medium:0;--awb-spacing-right-medium:1.92%;--awb-spacing-left-medium:1.92%;--awb-width-small:100%;--awb-order-small:0;--awb-spacing-right-small:1.92%;--awb-spacing-left-small:1.92%;\"><div class=\"fusion-column-wrapper fusion-column-has-shadow fusion-flex-justify-content-flex-start fusion-content-layout-column\"><div class=\"fusion-text fusion-text-5\"><h2>Lage<\/h2>\n<\/div><\/div><\/div><div class=\"fusion-layout-column fusion_builder_column fusion-builder-column-4 fusion_builder_column_1_3 1_3 fusion-flex-column\" style=\"--awb-bg-size:cover;--awb-width-large:33.333333333333%;--awb-margin-top-large:0px;--awb-spacing-right-large:5.76%;--awb-margin-bottom-large:20px;--awb-spacing-left-large:5.76%;--awb-width-medium:33.333333333333%;--awb-order-medium:0;--awb-spacing-right-medium:5.76%;--awb-spacing-left-medium:5.76%;--awb-width-small:100%;--awb-order-small:0;--awb-spacing-right-small:1.92%;--awb-spacing-left-small:1.92%;\"><div class=\"fusion-column-wrapper fusion-column-has-shadow fusion-flex-justify-content-flex-start fusion-content-layout-column\"><div class=\"fusion-image-element \" style=\"--awb-caption-title-font-family:var(--h2_typography-font-family);--awb-caption-title-font-weight:var(--h2_typography-font-weight);--awb-caption-title-font-style:var(--h2_typography-font-style);--awb-caption-title-size:var(--h2_typography-font-size);--awb-caption-title-transform:var(--h2_typography-text-transform);--awb-caption-title-line-height:var(--h2_typography-line-height);--awb-caption-title-letter-spacing:var(--h2_typography-letter-spacing);\"><span class=\" fusion-imageframe imageframe-none imageframe-2 hover-type-none\"><img decoding=\"async\" width=\"187\" height=\"142\" title=\"map_egypt_small\" src=\"https:\/\/christinahotels.com\/wp-content\/uploads\/2021\/04\/map_egypt_small.gif\" alt class=\"img-responsive wp-image-2200\"\/><\/span><\/div><div class=\"fusion-separator fusion-full-width-sep\" style=\"align-self: center;margin-left: auto;margin-right: auto;margin-top:30px;width:100%;\"><\/div><div class=\"fusion-image-element \" style=\"--awb-caption-title-font-family:var(--h2_typography-font-family);--awb-caption-title-font-weight:var(--h2_typography-font-weight);--awb-caption-title-font-style:var(--h2_typography-font-style);--awb-caption-title-size:var(--h2_typography-font-size);--awb-caption-title-transform:var(--h2_typography-text-transform);--awb-caption-title-line-height:var(--h2_typography-line-height);--awb-caption-title-letter-spacing:var(--h2_typography-letter-spacing);\"><span class=\" fusion-imageframe imageframe-none imageframe-3 hover-type-none\"><img decoding=\"async\" width=\"540\" height=\"720\" title=\"Dahab_from-above\" src=\"https:\/\/christinahotels.com\/wp-content\/uploads\/2021\/06\/Dahab_from-above.jpg\" alt class=\"img-responsive wp-image-272\" srcset=\"https:\/\/christinahotels.com\/wp-content\/uploads\/2021\/06\/Dahab_from-above-200x267.jpg 200w, https:\/\/christinahotels.com\/wp-content\/uploads\/2021\/06\/Dahab_from-above-400x533.jpg 400w, https:\/\/christinahotels.com\/wp-content\/uploads\/2021\/06\/Dahab_from-above.jpg 540w\" sizes=\"(max-width: 640px) 100vw, 400px\" \/><\/span><\/div><\/div><\/div><div class=\"fusion-layout-column fusion_builder_column fusion-builder-column-5 fusion_builder_column_2_3 2_3 fusion-flex-column\" style=\"--awb-bg-size:cover;--awb-width-large:66.666666666667%;--awb-margin-top-large:0px;--awb-spacing-right-large:2.88%;--awb-margin-bottom-large:20px;--awb-spacing-left-large:2.88%;--awb-width-medium:66.666666666667%;--awb-order-medium:0;--awb-spacing-right-medium:2.88%;--awb-spacing-left-medium:2.88%;--awb-width-small:100%;--awb-order-small:0;--awb-spacing-right-small:1.92%;--awb-spacing-left-small:1.92%;\"><div class=\"fusion-column-wrapper fusion-column-has-shadow fusion-flex-justify-content-flex-start fusion-content-layout-column\"><div class=\"fusion-text fusion-text-6\"><p>Die Christina Hotels sind ideal im ruhigeren Teil des Dorfes Dahab gelegen. Die CHRISTINA RESIDENCE befindet sich an der Dorfstra\u00dfe, direkt gegen\u00fcber dem Haupteingang \/ Rezeption des Christina POOL und BEACH PALACE mit Blick auf das Meer (Karte der Christina Hotels).<\/p>\n<p>In unmittelbarer N\u00e4he befinden sich Tauchschulen, G\u00e4steh\u00e4user und reizende Strandcaf\u00e9s im Beduinenstil. Ein gem\u00fctlicher Spaziergang entlang der Strandpromenade f\u00fchrt Sie vom CHRISTINA BEACH PALACE direkt in das Herz des Dorfes und seinen bunten arabischen Basar.<\/p>\n<p>Das Fr\u00fchst\u00fcck ist im Zimmerpreis inbegriffen und wird f\u00fcr alle G\u00e4ste im Pergola-Restaurant des CHRISTINA BEACH PALACE mit seinem traumhaften Blick \u00fcber das glitzernde Rote Meer bis hin zu den alten Bergen Saudi-Arabiens serviert.<\/p>\n<p>CHRISTINAs Swimmingpool, der private Korallenstrand, das Strandrestaurant mit sch\u00f6ner Sonnenterrasse und die Bar auf der Dachterrasse sind f\u00fcr alle G\u00e4ste zug\u00e4nglich. Christina Hotels legt gro\u00dfen Wert auf Sauberkeit und freundlichen Service. Das Personal und die Besitzer helfen Ihnen gerne bei der Organisation von Safaris und Tagesausfl\u00fcgen jeglicher Art, ob mit Bus, Taxi, Boot, Jeep, Pferd oder Kamel &#8211; einschlie\u00dflich Tauch- und Schnorchelausfl\u00fcgen zu den nahe gelegenen Riffen. Eines der atemberaubendsten Korallenriffe des gesamten \u00f6stlichen Sinai ist direkt vor dem Hotel zug\u00e4nglich.<\/p>\n<p>Bis bald im sonnigen Sinai&#8230; Wir freuen uns auf Ihren Besuch!<\/p>\n<\/div><\/div><\/div><\/div><\/div><\/p>\n","protected":false},"excerpt":{"rendered":"","protected":false},"author":1,"featured_media":0,"parent":0,"menu_order":0,"comment_status":"closed","ping_status":"closed","template":"100-width.php","meta":{"footnotes":""},"class_list":["post-412","page","type-page","status-publish","hentry"],"yoast_head":"<!-- This site is optimized with the Yoast SEO plugin v26.2 - https:\/\/yoast.com\/wordpress\/plugins\/seo\/ -->\n<title>Willkommen - Christina Hotels<\/title>\n<meta name=\"robots\" content=\"index, follow, max-snippet:-1, max-image-preview:large, max-video-preview:-1\" \/>\n<link rel=\"canonical\" href=\"https:\/\/christinahotels.com\/de\/\" \/>\n<meta property=\"og:locale\" content=\"de_DE\" \/>\n<meta property=\"og:type\" content=\"article\" \/>\n<meta property=\"og:title\" content=\"Willkommen - Christina Hotels\" \/>\n<meta property=\"og:url\" content=\"https:\/\/christinahotels.com\/de\/\" \/>\n<meta property=\"og:site_name\" content=\"Christina Hotels\" \/>\n<meta property=\"article:modified_time\" content=\"2021-07-23T07:26:50+00:00\" \/>\n<meta name=\"twitter:card\" content=\"summary_large_image\" \/>\n<meta name=\"twitter:label1\" content=\"Gesch\u00e4tzte Lesezeit\" \/>\n\t<meta name=\"twitter:data1\" content=\"19\u00a0Minuten\" \/>\n<script type=\"application\/ld+json\" class=\"yoast-schema-graph\">{\"@context\":\"https:\/\/schema.org\",\"@graph\":[{\"@type\":\"WebPage\",\"@id\":\"https:\/\/christinahotels.com\/de\/\",\"url\":\"https:\/\/christinahotels.com\/de\/\",\"name\":\"Willkommen - Christina Hotels\",\"isPartOf\":{\"@id\":\"https:\/\/christinahotels.com\/#website\"},\"datePublished\":\"2021-07-08T10:15:15+00:00\",\"dateModified\":\"2021-07-23T07:26:50+00:00\",\"breadcrumb\":{\"@id\":\"https:\/\/christinahotels.com\/de\/#breadcrumb\"},\"inLanguage\":\"de\",\"potentialAction\":[{\"@type\":\"ReadAction\",\"target\":[\"https:\/\/christinahotels.com\/de\/\"]}]},{\"@type\":\"BreadcrumbList\",\"@id\":\"https:\/\/christinahotels.com\/de\/#breadcrumb\",\"itemListElement\":[{\"@type\":\"ListItem\",\"position\":1,\"name\":\"Startseite\",\"item\":\"https:\/\/christinahotels.com\/de\/\"},{\"@type\":\"ListItem\",\"position\":2,\"name\":\"Willkommen\"}]},{\"@type\":\"WebSite\",\"@id\":\"https:\/\/christinahotels.com\/#website\",\"url\":\"https:\/\/christinahotels.com\/\",\"name\":\"Christina Hotels\",\"description\":\"Dahab - Sinai - &Auml;gypten\",\"potentialAction\":[{\"@type\":\"SearchAction\",\"target\":{\"@type\":\"EntryPoint\",\"urlTemplate\":\"https:\/\/christinahotels.com\/?s={search_term_string}\"},\"query-input\":{\"@type\":\"PropertyValueSpecification\",\"valueRequired\":true,\"valueName\":\"search_term_string\"}}],\"inLanguage\":\"de\"}]}<\/script>\n<!-- \/ Yoast SEO plugin. -->","yoast_head_json":{"title":"Willkommen - Christina Hotels","robots":{"index":"index","follow":"follow","max-snippet":"max-snippet:-1","max-image-preview":"max-image-preview:large","max-video-preview":"max-video-preview:-1"},"canonical":"https:\/\/christinahotels.com\/de\/","og_locale":"de_DE","og_type":"article","og_title":"Willkommen - Christina Hotels","og_url":"https:\/\/christinahotels.com\/de\/","og_site_name":"Christina Hotels","article_modified_time":"2021-07-23T07:26:50+00:00","twitter_card":"summary_large_image","twitter_misc":{"Gesch\u00e4tzte Lesezeit":"19\u00a0Minuten"},"schema":{"@context":"https:\/\/schema.org","@graph":[{"@type":"WebPage","@id":"https:\/\/christinahotels.com\/de\/","url":"https:\/\/christinahotels.com\/de\/","name":"Willkommen - Christina Hotels","isPartOf":{"@id":"https:\/\/christinahotels.com\/#website"},"datePublished":"2021-07-08T10:15:15+00:00","dateModified":"2021-07-23T07:26:50+00:00","breadcrumb":{"@id":"https:\/\/christinahotels.com\/de\/#breadcrumb"},"inLanguage":"de","potentialAction":[{"@type":"ReadAction","target":["https:\/\/christinahotels.com\/de\/"]}]},{"@type":"BreadcrumbList","@id":"https:\/\/christinahotels.com\/de\/#breadcrumb","itemListElement":[{"@type":"ListItem","position":1,"name":"Startseite","item":"https:\/\/christinahotels.com\/de\/"},{"@type":"ListItem","position":2,"name":"Willkommen"}]},{"@type":"WebSite","@id":"https:\/\/christinahotels.com\/#website","url":"https:\/\/christinahotels.com\/","name":"Christina Hotels","description":"Dahab - Sinai - &Auml;gypten","potentialAction":[{"@type":"SearchAction","target":{"@type":"EntryPoint","urlTemplate":"https:\/\/christinahotels.com\/?s={search_term_string}"},"query-input":{"@type":"PropertyValueSpecification","valueRequired":true,"valueName":"search_term_string"}}],"inLanguage":"de"}]}},"_links":{"self":[{"href":"https:\/\/christinahotels.com\/de\/wp-json\/wp\/v2\/pages\/412","targetHints":{"allow":["GET"]}}],"collection":[{"href":"https:\/\/christinahotels.com\/de\/wp-json\/wp\/v2\/pages"}],"about":[{"href":"https:\/\/christinahotels.com\/de\/wp-json\/wp\/v2\/types\/page"}],"author":[{"embeddable":true,"href":"https:\/\/christinahotels.com\/de\/wp-json\/wp\/v2\/users\/1"}],"replies":[{"embeddable":true,"href":"https:\/\/christinahotels.com\/de\/wp-json\/wp\/v2\/comments?post=412"}],"version-history":[{"count":25,"href":"https:\/\/christinahotels.com\/de\/wp-json\/wp\/v2\/pages\/412\/revisions"}],"predecessor-version":[{"id":2208,"href":"https:\/\/christinahotels.com\/de\/wp-json\/wp\/v2\/pages\/412\/revisions\/2208"}],"wp:attachment":[{"href":"https:\/\/christinahotels.com\/de\/wp-json\/wp\/v2\/media?parent=412"}],"curies":[{"name":"wp","href":"https:\/\/api.w.org\/{rel}","templated":true}]}}